{"id":669,"date":"2014-12-04T22:10:18","date_gmt":"2014-12-04T22:10:18","guid":{"rendered":"http:\/\/www.restaurantelateranga.com\/webnueva\/?page_id=669"},"modified":"2020-02-05T14:21:02","modified_gmt":"2020-02-05T13:21:02","slug":"viajes-a-argelia","status":"publish","type":"page","link":"https:\/\/www.culturafricana.com\/web\/viajes-a-argelia\/","title":{"rendered":"Viajes a Argelia"},"content":{"rendered":"<p>[vc_row][vc_column width=\u00bb1\/4&#8243;][vc_single_image image=\u00bb10528&#8243; img_size=\u00bbmedium\u00bb onclick=\u00bbzoom\u00bb][vc_column_text]<\/p>\n<div style=\"width: 220px; height: 328px; margin-right: px;\">\n<div style=\"width: 220px; height: auto; background-color: #330000;\">\n<h5 style=\"color: #fee69b; margin-top: px; margin-left: 10px; margin-bottom: -20px;\"><strong>Libros recomendados<\/strong><\/h5>\n<p>&nbsp;<\/p>\n<p style=\"color: #ffffff; font-size: 12px; margin-left: 10px; line-height: 120%; margin-right: 10px;\">&#8211; \u00abEl anillo de plata\u00bb y \u00abAstronautas en la Edad de Piedra\u00bb de Juan J. Ben\u00edtez<br \/>\n&#8211; \u00abEl desconsuelo de los insumisos\u00bb de Malika Mokeddem<br \/>\n&#8211; \u00abEl escritor\u00bb de Yasmina Khadra<br \/>\n&#8211; \u00abEl ni\u00f1o del chaaba\u00bb de Azouz Begag<br \/>\n&#8211; \u00abEl siglo de las langostas\u00bb y \u00abLos hombres que caminan\u00bb de Malika Mokeddem<\/p>\n<h5 style=\"color: #fee69b; margin-top: px; margin-left: 10px; margin-bottom: -20px;\"><strong>Fotos<\/strong><\/h5>\n<p>&nbsp;<\/p>\n<p style=\"color: #ffffff; font-size: 12px; margin-left: 10px; line-height: 120%; margin-right: 10px;\">Ana \u00c1lvarez Prada &#8211; Le Sahara Argelien &#8211; Luis Moya &#8211; Alexo<\/p>\n<p>&nbsp;<\/p>\n<\/div>\n<\/div>\n<p>[\/vc_column_text][\/vc_column][vc_column width=\u00bb1\/2&#8243;][vc_basic_grid post_type=\u00bbportfolio\u00bb max_items=\u00bb10&#8243; element_width=\u00bb6&#8243; order=\u00bbASC\u00bb item=\u00bb17181&#8243; grid_id=\u00bbvc_gid:1580908791507-0cc3cb4f-2659-10&#8243; taxonomies=\u00bb26&#8243;][\/vc_column][vc_column width=\u00bb1\/4&#8243;][vc_column_text el_class=\u00bbdetalle-pais\u00bb]<\/p>\n<h2>Argelia<\/h2>\n<p>Uno de los pa\u00edses m\u00e1s interesantes del norte de \u00c1frica, y a muy pocas horas de vuelo desde Espa\u00f1a. Variedad de paisajes, arquitecturas y gentes, a lo que hay que sumar la inmensidad de su desierto. Cuenta con muchos atractivos, como el Mzab, los pueblos rojos del Erg Occidental, los ksar o alc\u00e1zares, las pinturas y grabados, los <em>tassilis<\/em>, el Erg Occidental, los montes Gautier, el Tener\u00e9, el Tadrart o el gran macizo del Hoggar. All\u00ed habitan pueblos como los bereberes, los tuareg, los mozabitas, los cabilios, los harratin y los \u00e1rabes. Fue precisamente en esas zonas a la que lanzamos nuestra primera ruta por \u00c1frica, all\u00e1 por 1987. Ya ha llovido. As\u00ed que sabemos muy bien de lo que hablamos.[\/vc_column_text][\/vc_column][\/vc_row]<\/p>\n","protected":false},"excerpt":{"rendered":"<p>[vc_row][vc_column width=\u00bb1\/4&#8243;][vc_single_image image=\u00bb10528&#8243; img_size=\u00bbmedium\u00bb onclick=\u00bbzoom\u00bb][vc_column_text] Libros recomendados &nbsp; &#8211; \u00abEl anillo de plata\u00bb y \u00abAstronautas en la Edad de Piedra\u00bb de Juan J. Ben\u00edtez [&hellip;]<\/p>\n","protected":false},"author":1361,"featured_media":0,"parent":0,"menu_order":0,"comment_status":"closed","ping_status":"closed","template":"","meta":{"_acf_changed":false,"footnotes":""},"class_list":["post-669","page","type-page","status-publish","hentry"],"acf":[],"_links":{"self":[{"href":"https:\/\/www.culturafricana.com\/web\/wp-json\/wp\/v2\/pages\/669","targetHints":{"allow":["GET"]}}],"collection":[{"href":"https:\/\/www.culturafricana.com\/web\/wp-json\/wp\/v2\/pages"}],"about":[{"href":"https:\/\/www.culturafricana.com\/web\/wp-json\/wp\/v2\/types\/page"}],"author":[{"embeddable":true,"href":"https:\/\/www.culturafricana.com\/web\/wp-json\/wp\/v2\/users\/1361"}],"replies":[{"embeddable":true,"href":"https:\/\/www.culturafricana.com\/web\/wp-json\/wp\/v2\/comments?post=669"}],"version-history":[{"count":2,"href":"https:\/\/www.culturafricana.com\/web\/wp-json\/wp\/v2\/pages\/669\/revisions"}],"predecessor-version":[{"id":17716,"href":"https:\/\/www.culturafricana.com\/web\/wp-json\/wp\/v2\/pages\/669\/revisions\/17716"}],"wp:attachment":[{"href":"https:\/\/www.culturafricana.com\/web\/wp-json\/wp\/v2\/media?parent=669"}],"curies":[{"name":"wp","href":"https:\/\/api.w.org\/{rel}","templated":true}]}}