{"id":677,"date":"2014-12-04T22:10:57","date_gmt":"2014-12-04T22:10:57","guid":{"rendered":"http:\/\/www.restaurantelateranga.com\/webnueva\/?page_id=677"},"modified":"2020-02-05T14:22:01","modified_gmt":"2020-02-05T13:22:01","slug":"viajes-a-burundi","status":"publish","type":"page","link":"https:\/\/www.culturafricana.com\/web\/viajes-a-burundi\/","title":{"rendered":"Viajes a Burundi"},"content":{"rendered":"<p>[vc_row][vc_column width=\u00bb1\/4&#8243;][vc_single_image image=\u00bb10532&#8243; img_size=\u00bbmedium\u00bb onclick=\u00bbzoom\u00bb][vc_column_text el_class=\u00bbdetalle-libros\u00bb]<\/p>\n<h5><strong>Libros recomendados<\/strong><\/h5>\n<ul>\n<li>\u201cLa princesa de Burundi\u201d de Kjell Eriksson.<\/li>\n<li>\u201cEl poder africano\u201d de Jean Ziegler.<\/li>\n<li>\u201cBurundi\u201d de Kris Berwouts.<\/li>\n<li>\u201cA trav\u00e9s del r\u00edo rojo\u201d de Christian Jennings.<\/li>\n<li>\u201cThe night the Angels came\u201d de Chirissie Chapman.<\/li>\n<\/ul>\n<h5><strong>Fotos<\/strong><\/h5>\n<ul>\n<li>84EV0307<br \/>\nFUENTE:\u00a0 <a href=\"http:\/\/www.asierreino.es\">www.asierreino.es<\/a><\/li>\n<\/ul>\n<p>[\/vc_column_text][\/vc_column][vc_column width=\u00bb1\/2&#8243;][vc_basic_grid post_type=\u00bbportfolio\u00bb max_items=\u00bb10&#8243; element_width=\u00bb6&#8243; order=\u00bbASC\u00bb item=\u00bb17181&#8243; grid_id=\u00bbvc_gid:1580908792411-a795a2ce-c955-4&#8243; taxonomies=\u00bb30&#8243;][\/vc_column][vc_column width=\u00bb1\/4&#8243;][vc_column_text el_class=\u00bbdetalle-pais\u00bb]<\/p>\n<h2>Burundi<\/h2>\n<p>Min\u00fasculo pa\u00eds situado al norte del Lago Tanganika y ba\u00f1ado tambi\u00e9n por el Nilo y el Lago Victoria. Afortunadamente, ya desde hace tiempo, despu\u00e9s de las guerras civiles y los genocidios de los a\u00f1os setenta y noventa del siglo pasado, su situaci\u00f3n pol\u00edtica es serena, y la paz que reina ha permitido a los burundeses reorganizar sus vidas. Gentes de las tribus twa, hutus y tutsis viven ahora en armon\u00eda, y dan al viajero lo mejor de s\u00ed, orgullosos de una reconciliaci\u00f3n muy meritoria, que les permite remar juntos para intentar dejar de ser uno de los pa\u00edses m\u00e1s pobres del mundo.[\/vc_column_text][\/vc_column][\/vc_row]<\/p>\n","protected":false},"excerpt":{"rendered":"<p>[vc_row][vc_column width=\u00bb1\/4&#8243;][vc_single_image image=\u00bb10532&#8243; img_size=\u00bbmedium\u00bb onclick=\u00bbzoom\u00bb][vc_column_text el_class=\u00bbdetalle-libros\u00bb] Libros recomendados \u201cLa princesa de Burundi\u201d de Kjell Eriksson. \u201cEl poder africano\u201d de Jean Ziegler. \u201cBurundi\u201d de Kris [&hellip;]<\/p>\n","protected":false},"author":1361,"featured_media":0,"parent":0,"menu_order":0,"comment_status":"closed","ping_status":"closed","template":"","meta":{"_acf_changed":false,"footnotes":""},"class_list":["post-677","page","type-page","status-publish","hentry"],"acf":[],"_links":{"self":[{"href":"https:\/\/www.culturafricana.com\/web\/wp-json\/wp\/v2\/pages\/677","targetHints":{"allow":["GET"]}}],"collection":[{"href":"https:\/\/www.culturafricana.com\/web\/wp-json\/wp\/v2\/pages"}],"about":[{"href":"https:\/\/www.culturafricana.com\/web\/wp-json\/wp\/v2\/types\/page"}],"author":[{"embeddable":true,"href":"https:\/\/www.culturafricana.com\/web\/wp-json\/wp\/v2\/users\/1361"}],"replies":[{"embeddable":true,"href":"https:\/\/www.culturafricana.com\/web\/wp-json\/wp\/v2\/comments?post=677"}],"version-history":[{"count":5,"href":"https:\/\/www.culturafricana.com\/web\/wp-json\/wp\/v2\/pages\/677\/revisions"}],"predecessor-version":[{"id":17720,"href":"https:\/\/www.culturafricana.com\/web\/wp-json\/wp\/v2\/pages\/677\/revisions\/17720"}],"wp:attachment":[{"href":"https:\/\/www.culturafricana.com\/web\/wp-json\/wp\/v2\/media?parent=677"}],"curies":[{"name":"wp","href":"https:\/\/api.w.org\/{rel}","templated":true}]}}