{"id":681,"date":"2014-12-04T22:11:44","date_gmt":"2014-12-04T22:11:44","guid":{"rendered":"http:\/\/www.restaurantelateranga.com\/webnueva\/?page_id=681"},"modified":"2020-02-05T14:22:18","modified_gmt":"2020-02-05T13:22:18","slug":"viajes-a-camerun","status":"publish","type":"page","link":"https:\/\/www.culturafricana.com\/web\/viajes-a-camerun\/","title":{"rendered":"Viajes a Camer\u00fan"},"content":{"rendered":"<p>[vc_row][vc_column width=\u00bb1\/4&#8243;][vc_single_image image=\u00bb10535&#8243; img_size=\u00bbmedium\u00bb onclick=\u00bblink_image\u00bb][vc_column_text]<\/p>\n<div style=\"width: 220px; height: 328px; margin-right: px;\">\n<div style=\"width: 220px; height: auto; background-color: #330000;\">\n<h5 style=\"color: #fee69b; margin-top: px; margin-left: 10px; margin-bottom: -20px;\"><strong>Libros recomendados<\/strong><\/h5>\n<p>&nbsp;<\/p>\n<p style=\"color: #ffffff; font-size: 12px; margin-left: 10px; line-height: 120%; margin-right: 10px;\">&#8211; \u00abEl antrop\u00f3logo inocente\u00bb y \u00abUna plaga de orugas\u00bb de Nigel Barley<br \/>\n&#8211; \u00abEl arca sobrecargada\u00bb de Gerald Durrell<br \/>\n&#8211; \u00abSoy hijo de los evuzok\u00bb de Lluis Mallart<br \/>\n&#8211; \u00abAkono y Belinga\u00bb de Inongo VI Makom\u00e9<br \/>\n&#8211; \u00abEl interior de la noche\u00bb de L\u00e9onora Miano<\/p>\n<h5 style=\"color: #fee69b; margin-top: px; margin-left: 10px; margin-bottom: -20px;\"><strong>Fotos<\/strong><\/h5>\n<p>&nbsp;<\/p>\n<p style=\"color: #ffffff; font-size: 12px; margin-left: 10px; line-height: 120%; margin-right: 10px;\"><a style=\"color: #ffffff;\" href=\"http:\/\/www.losviajesdeali.com\/\">Alicia Ortego<\/a> &#8211;<br \/>\n<a style=\"color: #ffffff;\" href=\"http:\/\/mifotografiacesarherrero.blogspot.com.es\/\">C\u00e9sar Herrero Salazar<\/a> &#8211; <a style=\"color: #ffffff;\" href=\"http:\/\/www.juanjosepastor.es\/\">Juan J. Pastor<\/a> &#8211; <a style=\"color: #ffffff;\" href=\"http:\/\/coqueyvanessa.blogspot.com.es\/\">Coque y Vanessa<\/a> &#8211; Bilou &#8211; AfrikeBlog &#8211; Elise VM.<\/p>\n<p>&nbsp;<\/p>\n<\/div>\n<\/div>\n<p>[\/vc_column_text][\/vc_column][vc_column width=\u00bb1\/2&#8243;][vc_basic_grid post_type=\u00bbportfolio\u00bb max_items=\u00bb10&#8243; element_width=\u00bb6&#8243; order=\u00bbASC\u00bb item=\u00bb17181&#8243; grid_id=\u00bbvc_gid:1580908790585-19a4618c-04a5-9&#8243; taxonomies=\u00bb32&#8243;][\/vc_column][vc_column width=\u00bb1\/4&#8243;][vc_column_text el_class=\u00bbdetalle-pais\u00bb]<\/p>\n<h2>Camer\u00fan<\/h2>\n<p>El pa\u00eds es conocido como <em>la peque\u00f1a \u00c1frica,<\/em> porque su diversidad de paisajes y culturas resume las que se pueden encontrar en todo el continente. Ofrece playas, monta\u00f1as, r\u00edos, lagos, volcanes, desiertos, selvas y sabanas. En \u00e9l conviven m\u00e1s de doscientas etnias distintas, con sus correspondientes lenguas y tradiciones. Tiene preciosas reservas naturales y un buen n\u00famero de parques nacionales. Tambi\u00e9n ciudades con restos hist\u00f3ricos de varias colonizaciones, alemanas, brit\u00e1nicas y francesas, y miles de aldeas con entornos tan diversos como sugerentes. En definitiva, pr\u00e1cticamente todo \u00c1frica en un solo pa\u00eds que, para colmo, es especialmente receptivo con los viajeros y tiene una larga tradici\u00f3n de estabilidad social y pol\u00edtica. Es, ciertamente, un destino imprescindible.[\/vc_column_text][\/vc_column][\/vc_row]<\/p>\n","protected":false},"excerpt":{"rendered":"<p>[vc_row][vc_column width=\u00bb1\/4&#8243;][vc_single_image image=\u00bb10535&#8243; img_size=\u00bbmedium\u00bb onclick=\u00bblink_image\u00bb][vc_column_text] Libros recomendados &nbsp; &#8211; \u00abEl antrop\u00f3logo inocente\u00bb y \u00abUna plaga de orugas\u00bb de Nigel Barley &#8211; \u00abEl arca sobrecargada\u00bb [&hellip;]<\/p>\n","protected":false},"author":1361,"featured_media":0,"parent":0,"menu_order":0,"comment_status":"closed","ping_status":"closed","template":"","meta":{"_acf_changed":false,"footnotes":""},"class_list":["post-681","page","type-page","status-publish","hentry"],"acf":[],"_links":{"self":[{"href":"https:\/\/www.culturafricana.com\/web\/wp-json\/wp\/v2\/pages\/681","targetHints":{"allow":["GET"]}}],"collection":[{"href":"https:\/\/www.culturafricana.com\/web\/wp-json\/wp\/v2\/pages"}],"about":[{"href":"https:\/\/www.culturafricana.com\/web\/wp-json\/wp\/v2\/types\/page"}],"author":[{"embeddable":true,"href":"https:\/\/www.culturafricana.com\/web\/wp-json\/wp\/v2\/users\/1361"}],"replies":[{"embeddable":true,"href":"https:\/\/www.culturafricana.com\/web\/wp-json\/wp\/v2\/comments?post=681"}],"version-history":[{"count":4,"href":"https:\/\/www.culturafricana.com\/web\/wp-json\/wp\/v2\/pages\/681\/revisions"}],"predecessor-version":[{"id":17722,"href":"https:\/\/www.culturafricana.com\/web\/wp-json\/wp\/v2\/pages\/681\/revisions\/17722"}],"wp:attachment":[{"href":"https:\/\/www.culturafricana.com\/web\/wp-json\/wp\/v2\/media?parent=681"}],"curies":[{"name":"wp","href":"https:\/\/api.w.org\/{rel}","templated":true}]}}