{"id":689,"date":"2014-12-04T22:12:29","date_gmt":"2014-12-04T22:12:29","guid":{"rendered":"http:\/\/www.restaurantelateranga.com\/webnueva\/?page_id=689"},"modified":"2023-05-23T18:40:59","modified_gmt":"2023-05-23T16:40:59","slug":"viajes-a-costa-de-marfil","status":"publish","type":"page","link":"https:\/\/www.culturafricana.com\/web\/viajes-a-costa-de-marfil\/","title":{"rendered":"Viajes a Costa de Marfil"},"content":{"rendered":"<p>[vc_row][vc_column width=\u00bb1\/4&#8243;][vc_single_image image=\u00bb10539&#8243; img_size=\u00bbmedium\u00bb onclick=\u00bblink_image\u00bb][vc_column_text]<\/p>\n<div style=\"width: 220px; height: 328px; margin-right: px;\">\n<div style=\"width: 220px; height: auto; background-color: #330000;\">\n<h5 style=\"color: #fee69b; margin-top: px; margin-left: 10px; margin-bottom: -20px;\"><strong>Libros recomendados<\/strong><\/h5>\n<p>&nbsp;<\/p>\n<p style=\"color: #ffffff; font-size: 12px; margin-left: 10px; line-height: 120%; margin-right: 10px;\">&#8211; \u00abLos soles de las independencias\u00bb, \u00abEsperando el voto de las fieras\u00bb, \u00abCuando uno rechaza dice no\u00bb y \u00abAl\u00e1 no est\u00e1 obligado\u00bb de Ahmadou Kourouma<br \/>\n&#8211; \u00abLa sombra de Imana\u00bb y \u00abLa canci\u00f3n de la vida y otros cuentos\u00bb de Veronique Tadjo<br \/>\n&#8211; \u00abRobert y los Catapila\u00bb y \u00abLa guerra de las religiones\u00bb de Venance Konan<br \/>\n&#8211; \u00abLos negros nunca ir\u00e1n al para\u00edso\u00bb de Tannella Boni<br \/>\n&#8211; \u00abY sin embargo ella lloraba\u00bb de Isa\u00efe Biton Koulibaly<br \/>\n&#8211; \u00abAmanec\u00eda\u00bb de Fatou Ke\u00efta<br \/>\n&#8211; \u00abDe Abiy\u00e1n a T\u00fanez\u00bb de Mariama Ndoye<\/p>\n<h5 style=\"color: #fee69b; margin-top: px; margin-left: 10px; margin-bottom: -20px;\"><strong>Fotos<\/strong><\/h5>\n<p>&nbsp;<\/p>\n<p style=\"color: #ffffff; font-size: 12px; margin-left: 10px; line-height: 120%; margin-right: 10px;\">M\u00aa Antonia Redondo \u2013 Merc\u00e9 Juli\u00e1 \u2013 Mundo Blog &#8211; Osmosis \u2013 Jan Albert &#8211; Ben Stiller &#8211; Luis Atienza<\/p>\n<p>&nbsp;<\/p><\/div>\n<\/div>\n<p>[\/vc_column_text][\/vc_column][vc_column width=\u00bb1\/2&#8243;][vc_basic_grid post_type=\u00bbportfolio\u00bb max_items=\u00bb20&#8243; element_width=\u00bb6&#8243; order=\u00bbASC\u00bb item=\u00bb17181&#8243; grid_id=\u00bbvc_gid:1684860017521-5dd8302e-5814-6&#8243; taxonomies=\u00bb36&#8243;][\/vc_column][vc_column width=\u00bb1\/4&#8243;][vc_column_text el_class=\u00bbdetalle-pais\u00bb]<\/p>\n<h2>Costa de Marfil<\/h2>\n<p>Aunque la primera imagen que el viajero suele recibir a su llegada son los inusuales, para \u00c1frica, rascacielos de Abidjan, su capital, el pa\u00eds tiene muy buenas playas y conserva en su interior paisajes y culturas absolutamente sorprendentes. Es el caso de los dan, en los valles tropicales, los baule, en la sabana central, y los senufo, en el norte, conformando todos ellos un destino ideal para emprender un viaje cultural a una \u00c1frica muy aut\u00e9ntica, pero sin sobresaltos. Adem\u00e1s,\u00a0 sus gentes acogen al viajero con abierta hospitalidad, y los alojamientos y el resto de infraestructuras han mejorado notablemente en los \u00faltimos a\u00f1os, algo que facilita todav\u00eda m\u00e1s las cosas. Es uno de nuestros destinos m\u00e1s queridos.[\/vc_column_text][\/vc_column][\/vc_row]<\/p>\n","protected":false},"excerpt":{"rendered":"<p>[vc_row][vc_column width=\u00bb1\/4&#8243;][vc_single_image image=\u00bb10539&#8243; img_size=\u00bbmedium\u00bb onclick=\u00bblink_image\u00bb][vc_column_text] Libros recomendados &nbsp; &#8211; \u00abLos soles de las independencias\u00bb, \u00abEsperando el voto de las fieras\u00bb, \u00abCuando uno rechaza dice [&hellip;]<\/p>\n","protected":false},"author":1361,"featured_media":0,"parent":0,"menu_order":0,"comment_status":"closed","ping_status":"closed","template":"","meta":{"_acf_changed":false,"footnotes":""},"class_list":["post-689","page","type-page","status-publish","hentry"],"acf":[],"_links":{"self":[{"href":"https:\/\/www.culturafricana.com\/web\/wp-json\/wp\/v2\/pages\/689","targetHints":{"allow":["GET"]}}],"collection":[{"href":"https:\/\/www.culturafricana.com\/web\/wp-json\/wp\/v2\/pages"}],"about":[{"href":"https:\/\/www.culturafricana.com\/web\/wp-json\/wp\/v2\/types\/page"}],"author":[{"embeddable":true,"href":"https:\/\/www.culturafricana.com\/web\/wp-json\/wp\/v2\/users\/1361"}],"replies":[{"embeddable":true,"href":"https:\/\/www.culturafricana.com\/web\/wp-json\/wp\/v2\/comments?post=689"}],"version-history":[{"count":5,"href":"https:\/\/www.culturafricana.com\/web\/wp-json\/wp\/v2\/pages\/689\/revisions"}],"predecessor-version":[{"id":18294,"href":"https:\/\/www.culturafricana.com\/web\/wp-json\/wp\/v2\/pages\/689\/revisions\/18294"}],"wp:attachment":[{"href":"https:\/\/www.culturafricana.com\/web\/wp-json\/wp\/v2\/media?parent=689"}],"curies":[{"name":"wp","href":"https:\/\/api.w.org\/{rel}","templated":true}]}}