{"id":695,"date":"2014-12-04T22:13:37","date_gmt":"2014-12-04T22:13:37","guid":{"rendered":"http:\/\/www.restaurantelateranga.com\/webnueva\/?page_id=695"},"modified":"2020-02-05T14:20:46","modified_gmt":"2020-02-05T13:20:46","slug":"viajes-a-etiopia","status":"publish","type":"page","link":"https:\/\/www.culturafricana.com\/web\/viajes-a-etiopia\/","title":{"rendered":"Viajes a Etiop\u00eda"},"content":{"rendered":"<p>[vc_row][vc_column width=\u00bb1\/4&#8243;][vc_single_image image=\u00bb10542&#8243; img_size=\u00bbmedium\u00bb onclick=\u00bblink_image\u00bb][vc_column_text el_class=\u00bbdetalle-libros\u00bb]<\/p>\n<h5><strong>Libros recomendados<\/strong><\/h5>\n<ul>\n<li>\u00abDios, el diablo y la aventura\u00bb y \u00abLos caminos de \u00c1frica\u00bb de Javier Reverte<\/li>\n<li>\u00abEl emperador\u00bb de Ryszard Kapuscinski<\/li>\n<li>\u00abCamino de Etiop\u00eda\u00bb de Jos\u00e9 Luis Olaizola<\/li>\n<li>\u00abGente remota\u00bb de Evelyn Waugh<\/li>\n<li>\u00abEtiop\u00eda, un rostro con tres miradas\u00bb de Javier Goz\u00e1lbez<\/li>\n<li>\u00abMakeda o la fabulosa historia de la Reina de Saba\u00bb de Jakoub Adol<\/li>\n<li>\u00abEtiop\u00eda, hombres, lugares y mitos\u00bb de Juan Gonz\u00e1lez N\u00fa\u00f1ez<\/li>\n<li>\u00abViajes y andanzas de Pedro Pa\u00e9z\u00bb de George Bishop<\/li>\n<li>\u00abTiempo et\u00edope\u00bb de Luz Dom\u00ednguez<\/li>\n<li>\u00abHijos del ancho mundo\u00bb de Abraham Verghese<\/li>\n<li>\u00abEl lugar en el aire\u00bb de Dinaw Mengestu<\/li>\n<\/ul>\n<h5><strong>Fotos<\/strong><\/h5>\n<p><a href=\"https:\/\/www.youtube.com\/watch?v=kQiaBGpE8uc\">Hans Silvester<\/a>\u00a0&#8211; <a href=\"http:\/\/www.juanjosepastor.es\/\">Juan Jos\u00e9 Pastor<\/a>\u00a0&#8211; <a href=\"http:\/\/www.losviajesdeali.com\/\">Alicia Ortego<\/a>\u00a0&#8211; Hans Muller\u00a0&#8211; David Sacks\u00a0&#8211; Nacho Benvenuty\u00a0&#8211; Santos &#8211; Luis Almarza\u00a0&#8211; Edith Grum\u00a0&#8211; Mir Mir\u00a0&#8211; Stephane Aleph\u00a0&#8211; Pilar Com\u00edn[\/vc_column_text][\/vc_column][vc_column width=\u00bb1\/2&#8243;][vc_basic_grid post_type=\u00bbportfolio\u00bb max_items=\u00bb10&#8243; element_width=\u00bb6&#8243; order=\u00bbASC\u00bb item=\u00bb17181&#8243; grid_id=\u00bbvc_gid:1580908779342-5f8230ed-ba7b-6&#8243; taxonomies=\u00bb39&#8243;][\/vc_column][vc_column width=\u00bb1\/4&#8243;][vc_column_text el_class=\u00bbdetalle-pais\u00bb]<\/p>\n<h2>Etiop\u00eda<\/h2>\n<p>El <em>pa\u00eds de los trece meses<\/em> es uno de nuestros destinos preferidos. Grandes dimensiones, gran poblaci\u00f3n y gran variedad cultural, todo ello bajo una historia singular, reconocida y reconocible desde hace miles de a\u00f1os, que nunca se acaba de agotar. Lugar de encrucijadas geogr\u00e1ficas, \u00e9tnicas y religiosas. No son pocos los que afirman haber encontrado en \u00e9l los paisajes m\u00e1s hermosos de \u00c1frica: altas monta\u00f1as, verdes valles cultivados, tierras rojas y cielos en toda la gama de azules existentes. En su territorio hay tambi\u00e9n sorprendentes parques nacionales y, por supuesto, numerosas etnias que conservan una autenticidad ancestral. Y las ciudades del norte, que van de lo ins\u00f3lito a lo majestuoso, pasando por lo espectacular. Lo dicho: un pa\u00eds \u00fanico.[\/vc_column_text][\/vc_column][\/vc_row]<\/p>\n","protected":false},"excerpt":{"rendered":"<p>[vc_row][vc_column width=\u00bb1\/4&#8243;][vc_single_image image=\u00bb10542&#8243; img_size=\u00bbmedium\u00bb onclick=\u00bblink_image\u00bb][vc_column_text el_class=\u00bbdetalle-libros\u00bb] Libros recomendados \u00abDios, el diablo y la aventura\u00bb y \u00abLos caminos de \u00c1frica\u00bb de Javier Reverte \u00abEl emperador\u00bb [&hellip;]<\/p>\n","protected":false},"author":1361,"featured_media":0,"parent":0,"menu_order":0,"comment_status":"closed","ping_status":"closed","template":"","meta":{"_acf_changed":false,"footnotes":""},"class_list":["post-695","page","type-page","status-publish","hentry"],"acf":[],"_links":{"self":[{"href":"https:\/\/www.culturafricana.com\/web\/wp-json\/wp\/v2\/pages\/695","targetHints":{"allow":["GET"]}}],"collection":[{"href":"https:\/\/www.culturafricana.com\/web\/wp-json\/wp\/v2\/pages"}],"about":[{"href":"https:\/\/www.culturafricana.com\/web\/wp-json\/wp\/v2\/types\/page"}],"author":[{"embeddable":true,"href":"https:\/\/www.culturafricana.com\/web\/wp-json\/wp\/v2\/users\/1361"}],"replies":[{"embeddable":true,"href":"https:\/\/www.culturafricana.com\/web\/wp-json\/wp\/v2\/comments?post=695"}],"version-history":[{"count":5,"href":"https:\/\/www.culturafricana.com\/web\/wp-json\/wp\/v2\/pages\/695\/revisions"}],"predecessor-version":[{"id":17714,"href":"https:\/\/www.culturafricana.com\/web\/wp-json\/wp\/v2\/pages\/695\/revisions\/17714"}],"wp:attachment":[{"href":"https:\/\/www.culturafricana.com\/web\/wp-json\/wp\/v2\/media?parent=695"}],"curies":[{"name":"wp","href":"https:\/\/api.w.org\/{rel}","templated":true}]}}