{"id":701,"date":"2014-12-04T22:14:09","date_gmt":"2014-12-04T22:14:09","guid":{"rendered":"http:\/\/www.restaurantelateranga.com\/webnueva\/?page_id=701"},"modified":"2020-02-05T14:24:23","modified_gmt":"2020-02-05T13:24:23","slug":"viajes-a-ghana","status":"publish","type":"page","link":"https:\/\/www.culturafricana.com\/web\/viajes-a-ghana\/","title":{"rendered":"Viajes a Ghana"},"content":{"rendered":"<p>[vc_row][vc_column width=\u00bb1\/4&#8243;][vc_single_image image=\u00bb10545&#8243; img_size=\u00bbmedium\u00bb onclick=\u00bblink_image\u00bb][vc_column_text]<\/p>\n<div style=\"width: 220px; height: 328px; margin-right: px;\">\n<div style=\"width: 220px; height: auto; background-color: #330000;\">\n<h5 style=\"color: #fee69b; margin-top: px; margin-left: 10px; margin-bottom: -20px;\"><strong>Libros recomendados<\/strong><\/h5>\n<p>&nbsp;<\/p>\n<p style=\"color: #ffffff; font-size: 12px; margin-left: 10px; line-height: 120%; margin-right: 10px;\">&#8211; \u00abM\u00e1s all\u00e1 del horizonte\u00bb de Amma Darko<br \/>\n&#8211; \u00abGhana, d\u2019hier et aujourd\u2019hui\u00bb de Christiane Falgayrettes-Levau y Christine Owusu-Sarpong<br \/>\n&#8211; \u00abA\u00fan no han nacido los bravos\u00bb de Ayi Kweih Armah<br \/>\n&#8211; \u00abNuestra hermana aguafiestas\u00bb de Ama Ata Aidoo<br \/>\n&#8211; \u00abHistorias cortas\u00bb y \u00abLejos de Ghana\u00bb de Tayie Selasi<\/p>\n<h5 style=\"color: #fee69b; margin-top: px; margin-left: 10px; margin-bottom: -20px;\"><strong>Fotos<\/strong><\/h5>\n<p>&nbsp;<\/p>\n<p style=\"color: #ffffff; font-size: 12px; margin-left: 10px; line-height: 120%; margin-right: 10px;\">Ana Sensa \u2013 Luis Garrigosa \u2013 JP Muller \u2013 Raitzcoast \u2013 Alain Lucien<\/p>\n<p>&nbsp;<\/p>\n<\/div>\n<\/div>\n<p>[\/vc_column_text][\/vc_column][vc_column width=\u00bb1\/2&#8243;][vc_basic_grid post_type=\u00bbportfolio\u00bb max_items=\u00bb10&#8243; element_width=\u00bb6&#8243; order=\u00bbASC\u00bb item=\u00bb17181&#8243; grid_id=\u00bbvc_gid:1580909000646-bee22d01-b038-2&#8243; taxonomies=\u00bb42&#8243;][\/vc_column][vc_column width=\u00bb1\/4&#8243;][vc_column_text el_class=\u00bbdetalle-pais\u00bb]<\/p>\n<h2>Ghana<\/h2>\n<p>Antiguo y poderoso imperio que alcanz\u00f3 en tiempos pasados un gran esplendor, tanto pol\u00edtico como cultural. Se asocia habitualmente a la Costa de Oro, y es la tierra de los ashanti, los ewe, los dagomba y los gondja. Un territorio cargado de historia en el que quedan interesantes vestigios de cuando, tristemente, desde las ciudades costeras del sur, sal\u00edan los barcos cargados con esclavos. Aquellos castillos hoy reposan junto a peque\u00f1as aldeas de pescadores, donde hay barcas de mil colores y playas sombreadas por palmeras. En el norte, el paisaje es de sabana, rota por alg\u00fan bosquecillo que proporciona buenas tierras de cultivo. Uno de sus m\u00e1s c\u00e9lebres enclaves es el Lago Volta, el m\u00e1s grande de \u00c1frica Occidental, aprovechado por los ribere\u00f1os para pescar y regar sus huertos.[\/vc_column_text][\/vc_column][\/vc_row]<\/p>\n","protected":false},"excerpt":{"rendered":"<p>[vc_row][vc_column width=\u00bb1\/4&#8243;][vc_single_image image=\u00bb10545&#8243; img_size=\u00bbmedium\u00bb onclick=\u00bblink_image\u00bb][vc_column_text] Libros recomendados &nbsp; &#8211; \u00abM\u00e1s all\u00e1 del horizonte\u00bb de Amma Darko &#8211; \u00abGhana, d\u2019hier et aujourd\u2019hui\u00bb de Christiane Falgayrettes-Levau [&hellip;]<\/p>\n","protected":false},"author":1361,"featured_media":0,"parent":0,"menu_order":0,"comment_status":"closed","ping_status":"closed","template":"","meta":{"_acf_changed":false,"footnotes":""},"class_list":["post-701","page","type-page","status-publish","hentry"],"acf":[],"_links":{"self":[{"href":"https:\/\/www.culturafricana.com\/web\/wp-json\/wp\/v2\/pages\/701","targetHints":{"allow":["GET"]}}],"collection":[{"href":"https:\/\/www.culturafricana.com\/web\/wp-json\/wp\/v2\/pages"}],"about":[{"href":"https:\/\/www.culturafricana.com\/web\/wp-json\/wp\/v2\/types\/page"}],"author":[{"embeddable":true,"href":"https:\/\/www.culturafricana.com\/web\/wp-json\/wp\/v2\/users\/1361"}],"replies":[{"embeddable":true,"href":"https:\/\/www.culturafricana.com\/web\/wp-json\/wp\/v2\/comments?post=701"}],"version-history":[{"count":3,"href":"https:\/\/www.culturafricana.com\/web\/wp-json\/wp\/v2\/pages\/701\/revisions"}],"predecessor-version":[{"id":17727,"href":"https:\/\/www.culturafricana.com\/web\/wp-json\/wp\/v2\/pages\/701\/revisions\/17727"}],"wp:attachment":[{"href":"https:\/\/www.culturafricana.com\/web\/wp-json\/wp\/v2\/media?parent=701"}],"curies":[{"name":"wp","href":"https:\/\/api.w.org\/{rel}","templated":true}]}}