{"id":705,"date":"2014-12-04T22:14:32","date_gmt":"2014-12-04T22:14:32","guid":{"rendered":"http:\/\/www.restaurantelateranga.com\/webnueva\/?page_id=705"},"modified":"2020-02-05T14:24:42","modified_gmt":"2020-02-05T13:24:42","slug":"viajes-a-guinea-conakry","status":"publish","type":"page","link":"https:\/\/www.culturafricana.com\/web\/viajes-a-guinea-conakry\/","title":{"rendered":"Viajes a Guinea Conakry"},"content":{"rendered":"<p>[vc_row][vc_column width=\u00bb1\/4&#8243;][vc_single_image image=\u00bb10547&#8243; img_size=\u00bbmedium\u00bb onclick=\u00bblink_image\u00bb][vc_column_text]<\/p>\n<div style=\"width: 220px; height: 328px; margin-right: px;\">\n<div style=\"width: 220px; height: auto; background-color: #330000;\">\n<h5 style=\"color: #fee69b; margin-top: px; margin-left: 10px; margin-bottom: -20px;\"><strong>Libros recomendados<\/strong><\/h5>\n<p>&nbsp;<\/p>\n<p style=\"color: #ffffff; font-size: 12px; margin-left: 10px; line-height: 120%; margin-right: 10px;\">&#8211; \u00abEl ni\u00f1o africano\u00bb, \u00abEl resplandor del rey\u00bb y \u00abEl Guardi\u00e1n de la Palabra\u00bb de Camara Laye<br \/>\n&#8211; \u00abC\u00e9roe, no eres un cualquiera\u00bb de Williams Sassine<\/p>\n<h5 style=\"color: #fee69b; margin-top: px; margin-left: 10px; margin-bottom: -20px;\"><strong>Fotos<\/strong><\/h5>\n<p>&nbsp;<\/p>\n<p style=\"color: #ffffff; font-size: 12px; margin-left: 10px; line-height: 120%; margin-right: 10px;\">Ion Abalua \u2013 Pedro Abando &#8211;<br \/>\nHans Von Heirr \u2013 Amina Fassi \u2013<br \/>\nLuis Brey &#8211; Sonia Achille \u2013<br \/>\nConakry TGP<\/p>\n<p>&nbsp;<\/p>\n<\/div>\n<\/div>\n<p>[\/vc_column_text][\/vc_column][vc_column width=\u00bb1\/2&#8243;][vc_basic_grid post_type=\u00bbportfolio\u00bb max_items=\u00bb10&#8243; element_width=\u00bb6&#8243; order=\u00bbASC\u00bb item=\u00bb17181&#8243; grid_id=\u00bbvc_gid:1580909008429-1e1f7893-385d-5&#8243; taxonomies=\u00bb44&#8243;][\/vc_column][vc_column width=\u00bb1\/4&#8243;][vc_column_text el_class=\u00bbdetalle-pais\u00bb]<\/p>\n<h2>Guinea Conakry<\/h2>\n<p>Comparado con sus vecinos, es un pa\u00eds con un gran atraso, que se suple, sin embargo, con gentes extraordinariamente amables y acogedoras, que hacen plantearse si, en ocasiones, puede ser el desarrollo el que, precisamente, vuelva a los pueblos m\u00e1s ariscos y recelosos. En su geograf\u00eda destaca un accidente notable, el macizo de Futa Djalon, que es el manantial de los r\u00edos que luego riegan gran parte del \u00c1frica Occidental. Es un pa\u00eds peque\u00f1o pero muy variado, con monta\u00f1as altas y valles f\u00e9rtiles, situados \u00e9stos junto a la famosa meseta mandinga. Tambi\u00e9n hay bonitos bosques, en la parte sur, y buenas playas en las islas Los, frente a la capital.[\/vc_column_text][\/vc_column][\/vc_row]<\/p>\n","protected":false},"excerpt":{"rendered":"<p>[vc_row][vc_column width=\u00bb1\/4&#8243;][vc_single_image image=\u00bb10547&#8243; img_size=\u00bbmedium\u00bb onclick=\u00bblink_image\u00bb][vc_column_text] Libros recomendados &nbsp; &#8211; \u00abEl ni\u00f1o africano\u00bb, \u00abEl resplandor del rey\u00bb y \u00abEl Guardi\u00e1n de la Palabra\u00bb de Camara [&hellip;]<\/p>\n","protected":false},"author":1361,"featured_media":0,"parent":0,"menu_order":0,"comment_status":"closed","ping_status":"closed","template":"","meta":{"_acf_changed":false,"footnotes":""},"class_list":["post-705","page","type-page","status-publish","hentry"],"acf":[],"_links":{"self":[{"href":"https:\/\/www.culturafricana.com\/web\/wp-json\/wp\/v2\/pages\/705","targetHints":{"allow":["GET"]}}],"collection":[{"href":"https:\/\/www.culturafricana.com\/web\/wp-json\/wp\/v2\/pages"}],"about":[{"href":"https:\/\/www.culturafricana.com\/web\/wp-json\/wp\/v2\/types\/page"}],"author":[{"embeddable":true,"href":"https:\/\/www.culturafricana.com\/web\/wp-json\/wp\/v2\/users\/1361"}],"replies":[{"embeddable":true,"href":"https:\/\/www.culturafricana.com\/web\/wp-json\/wp\/v2\/comments?post=705"}],"version-history":[{"count":3,"href":"https:\/\/www.culturafricana.com\/web\/wp-json\/wp\/v2\/pages\/705\/revisions"}],"predecessor-version":[{"id":17729,"href":"https:\/\/www.culturafricana.com\/web\/wp-json\/wp\/v2\/pages\/705\/revisions\/17729"}],"wp:attachment":[{"href":"https:\/\/www.culturafricana.com\/web\/wp-json\/wp\/v2\/media?parent=705"}],"curies":[{"name":"wp","href":"https:\/\/api.w.org\/{rel}","templated":true}]}}