{"id":716,"date":"2014-12-04T22:15:20","date_gmt":"2014-12-04T22:15:20","guid":{"rendered":"http:\/\/www.restaurantelateranga.com\/webnueva\/?page_id=716"},"modified":"2020-02-05T14:25:26","modified_gmt":"2020-02-05T13:25:26","slug":"viajes-a-libia","status":"publish","type":"page","link":"https:\/\/www.culturafricana.com\/web\/viajes-a-libia\/","title":{"rendered":"Viajes a Libia"},"content":{"rendered":"<p>[vc_row][vc_column width=\u00bb1\/4&#8243;][vc_single_image image=\u00bb10552&#8243; img_size=\u00bbmedium\u00bb onclick=\u00bblink_image\u00bb][vc_column_text el_class=\u00bbdetalle-libros\u00bb]<\/p>\n<h5><strong>Libros recomendados<\/strong><\/h5>\n<ul>\n<li>\u201cEl desierto de Libia\u201d de Mario Tobino.<\/li>\n<li>\u201cCr\u00f3nicas de un pa\u00eds que ya no existe\u201d de Jon Lee Anderson.<\/li>\n<li>\u201cPor la ruta del buen desierto\u201d de Benito Vidal.<\/li>\n<li>\u201cLas cautivas\u201d de Annick Cojean.<\/li>\n<li>\u201cAntes de Rommel\u201d de Juan Vazquez Garc\u00eda.<\/li>\n<\/ul>\n<h5><strong>Fotos<\/strong><\/h5>\n<ul>\n<li>84EV7593<br \/>\nFUENTE: <a href=\"http:\/\/www.asierreino.es\">www.asierreino.es<\/a><\/li>\n<\/ul>\n<p>[\/vc_column_text][\/vc_column][vc_column width=\u00bb1\/2&#8243;][vc_basic_grid post_type=\u00bbportfolio\u00bb max_items=\u00bb10&#8243; element_width=\u00bb6&#8243; order=\u00bbASC\u00bb item=\u00bb17181&#8243; grid_id=\u00bbvc_gid:1580909031880-80712fbb-c959-7&#8243; taxonomies=\u00bb49&#8243;][\/vc_column][vc_column width=\u00bb1\/4&#8243;][vc_column_text el_class=\u00bbdetalle-pais\u00bb]<\/p>\n<h2>Libia<\/h2>\n<p>No son pocos los que afirman que su desierto es el m\u00e1s bello de la regi\u00f3n. Sin desde\u00f1ar las ciudades romanas del norte o los grabados y frescos del sur. En su geograf\u00eda destacan los lagos Mandara, Idn Murzuk y Wadi Matandush, e incre\u00edbles oasis como los de Ghat y Ghadam\u00e9s. Aunque va, poco a poco, tratando de recuperarse de la sangrienta guerra de 2011, que lo dej\u00f3, desgraciadamente, tan maltrecho, la cosa va para largo y las heridas, todav\u00eda est\u00e1n sin cerrar. Y eso que fue, durante la era Gadafi, culpable, aunque no \u00fanico, de aquella desgracia, el pa\u00eds con mayor renta per c\u00e1pita de todo el continente, el de m\u00e1s alta esperanza de vida, y el que ten\u00eda el mayor grado de desarrollo humano. Una aut\u00e9ntica pena.[\/vc_column_text][\/vc_column][\/vc_row]<\/p>\n","protected":false},"excerpt":{"rendered":"<p>[vc_row][vc_column width=\u00bb1\/4&#8243;][vc_single_image image=\u00bb10552&#8243; img_size=\u00bbmedium\u00bb onclick=\u00bblink_image\u00bb][vc_column_text el_class=\u00bbdetalle-libros\u00bb] Libros recomendados \u201cEl desierto de Libia\u201d de Mario Tobino. \u201cCr\u00f3nicas de un pa\u00eds que ya no existe\u201d de [&hellip;]<\/p>\n","protected":false},"author":1361,"featured_media":0,"parent":0,"menu_order":0,"comment_status":"closed","ping_status":"closed","template":"","meta":{"_acf_changed":false,"footnotes":""},"class_list":["post-716","page","type-page","status-publish","hentry"],"acf":[],"_links":{"self":[{"href":"https:\/\/www.culturafricana.com\/web\/wp-json\/wp\/v2\/pages\/716","targetHints":{"allow":["GET"]}}],"collection":[{"href":"https:\/\/www.culturafricana.com\/web\/wp-json\/wp\/v2\/pages"}],"about":[{"href":"https:\/\/www.culturafricana.com\/web\/wp-json\/wp\/v2\/types\/page"}],"author":[{"embeddable":true,"href":"https:\/\/www.culturafricana.com\/web\/wp-json\/wp\/v2\/users\/1361"}],"replies":[{"embeddable":true,"href":"https:\/\/www.culturafricana.com\/web\/wp-json\/wp\/v2\/comments?post=716"}],"version-history":[{"count":5,"href":"https:\/\/www.culturafricana.com\/web\/wp-json\/wp\/v2\/pages\/716\/revisions"}],"predecessor-version":[{"id":17734,"href":"https:\/\/www.culturafricana.com\/web\/wp-json\/wp\/v2\/pages\/716\/revisions\/17734"}],"wp:attachment":[{"href":"https:\/\/www.culturafricana.com\/web\/wp-json\/wp\/v2\/media?parent=716"}],"curies":[{"name":"wp","href":"https:\/\/api.w.org\/{rel}","templated":true}]}}