{"id":726,"date":"2014-12-04T22:16:10","date_gmt":"2014-12-04T22:16:10","guid":{"rendered":"http:\/\/www.restaurantelateranga.com\/webnueva\/?page_id=726"},"modified":"2020-02-10T13:16:28","modified_gmt":"2020-02-10T12:16:28","slug":"viajes-a-mauricio","status":"publish","type":"page","link":"https:\/\/www.culturafricana.com\/web\/viajes-a-mauricio\/","title":{"rendered":"Viajes a Mauricio"},"content":{"rendered":"<p>[vc_row][vc_column width=\u00bb1\/4&#8243;][vc_single_image image=\u00bb10499&#8243; img_size=\u00bbmedium\u00bb onclick=\u00bblink_image\u00bb][vc_column_text el_class=\u00bbdetalle-libros\u00bb]<\/p>\n<h5><strong>Libros recomendados<\/strong><\/h5>\n<ul>\n<li>\u201cEl explorador del Indico\u201d de Susana Pinar.<\/li>\n<li>\u201cLas islas que van quedando\u201d de Mauricio Electorat.<\/li>\n<li>\u201cEl c\u00f3digo del amor\u201d de Cheryl Sawyer.<\/li>\n<li>\u201cRumbo a isla Mauricio y Rodr\u00edguez\u201d de Francisco Po Egea.<\/li>\n<li>\u201cIsla MauricioGu\u00eda Azul\u201d de Manuel Monreal.<\/li>\n<\/ul>\n<h5><strong>Fotos<\/strong><\/h5>\n<ul>\n<li>84EV1769<br \/>\nFUENTE: <a href=\"http:\/\/www.asierreino.es\">www.asierreino.es<\/a><\/li>\n<\/ul>\n<p>[\/vc_column_text][\/vc_column][vc_column width=\u00bb1\/2&#8243;][vc_basic_grid post_type=\u00bbportfolio\u00bb max_items=\u00bb10&#8243; element_width=\u00bb6&#8243; order=\u00bbASC\u00bb item=\u00bb17181&#8243; grid_id=\u00bbvc_gid:1581336857326-d907d4d2-824d-2&#8243; taxonomies=\u00bb54&#8243;][\/vc_column][vc_column width=\u00bb1\/4&#8243;][vc_column_text el_class=\u00bbdetalle-pais\u00bb]<\/p>\n<h2>Mauricio<\/h2>\n<p>Una rep\u00fablica formada por varias islas, al suroeste del oc\u00e9ano \u00edndico, situadas a unos novecientos kil\u00f3metros de la costa m\u00e1s cercana, la de Madagascar. Un lugar que resuena en casi todas las cabezas como un aut\u00e9ntico para\u00edso de aguas turquesa, con tonalidades casi sobrenaturales, y unas playas de fina arena blanca, de esas que abren los cat\u00e1logos tur\u00edsticos. Aunque nosotros no nos quedamos s\u00f3lo ah\u00ed y, siguiendo nuestra filosof\u00eda, tratamos de llegar al coraz\u00f3n y a la esencia de la cultura original que habita las islas y que, como no pod\u00eda ser de otra manera, es sumamente peculiar e interesante.[\/vc_column_text][\/vc_column][\/vc_row]<\/p>\n","protected":false},"excerpt":{"rendered":"<p>[vc_row][vc_column width=\u00bb1\/4&#8243;][vc_single_image image=\u00bb10499&#8243; img_size=\u00bbmedium\u00bb onclick=\u00bblink_image\u00bb][vc_column_text el_class=\u00bbdetalle-libros\u00bb] Libros recomendados \u201cEl explorador del Indico\u201d de Susana Pinar. \u201cLas islas que van quedando\u201d de Mauricio Electorat. \u201cEl [&hellip;]<\/p>\n","protected":false},"author":1361,"featured_media":0,"parent":0,"menu_order":0,"comment_status":"closed","ping_status":"closed","template":"","meta":{"_acf_changed":false,"footnotes":""},"class_list":["post-726","page","type-page","status-publish","hentry"],"acf":[],"_links":{"self":[{"href":"https:\/\/www.culturafricana.com\/web\/wp-json\/wp\/v2\/pages\/726","targetHints":{"allow":["GET"]}}],"collection":[{"href":"https:\/\/www.culturafricana.com\/web\/wp-json\/wp\/v2\/pages"}],"about":[{"href":"https:\/\/www.culturafricana.com\/web\/wp-json\/wp\/v2\/types\/page"}],"author":[{"embeddable":true,"href":"https:\/\/www.culturafricana.com\/web\/wp-json\/wp\/v2\/users\/1361"}],"replies":[{"embeddable":true,"href":"https:\/\/www.culturafricana.com\/web\/wp-json\/wp\/v2\/comments?post=726"}],"version-history":[{"count":5,"href":"https:\/\/www.culturafricana.com\/web\/wp-json\/wp\/v2\/pages\/726\/revisions"}],"predecessor-version":[{"id":17755,"href":"https:\/\/www.culturafricana.com\/web\/wp-json\/wp\/v2\/pages\/726\/revisions\/17755"}],"wp:attachment":[{"href":"https:\/\/www.culturafricana.com\/web\/wp-json\/wp\/v2\/media?parent=726"}],"curies":[{"name":"wp","href":"https:\/\/api.w.org\/{rel}","templated":true}]}}