{"id":728,"date":"2014-12-04T22:16:21","date_gmt":"2014-12-04T22:16:21","guid":{"rendered":"http:\/\/www.restaurantelateranga.com\/webnueva\/?page_id=728"},"modified":"2020-02-10T13:14:23","modified_gmt":"2020-02-10T12:14:23","slug":"viajes-a-mauritania","status":"publish","type":"page","link":"https:\/\/www.culturafricana.com\/web\/viajes-a-mauritania\/","title":{"rendered":"Viajes a Mauritania"},"content":{"rendered":"<p>[vc_row][vc_column width=\u00bb1\/4&#8243;][vc_single_image image=\u00bb10557&#8243; img_size=\u00bbmedium\u00bb onclick=\u00bblink_image\u00bb][vc_column_text]<\/p>\n<div style=\"width: 220px; height: 328px; margin-right: px;\">\n<div style=\"width: 220px; height: auto; background-color: #330000;\">\n<h5 style=\"color: #fee69b; margin-top: px; margin-left: 10px; margin-bottom: -20px;\"><strong>Libros recomendados<\/strong><\/h5>\n<p>&nbsp;<\/p>\n<p style=\"color: #ffffff; font-size: 12px; margin-left: 10px; line-height: 120%; margin-right: 10px;\">&#8211; \u00abCamelladas\u00bb, \u00abMaxence en el desierto\u00bb y \u00abPeregrino en el desierto\u00bb de Theodore Monod<br \/>\n&#8211; \u00abPieds nus \u00e0 travers la Mauritanie\u00bb de Odette du Puigaudeau<\/p>\n<h5 style=\"color: #fee69b; margin-top: px; margin-left: 10px; margin-bottom: -20px;\"><strong>Fotos<\/strong><\/h5>\n<p>&nbsp;<\/p>\n<p style=\"color: #ffffff; font-size: 12px; margin-left: 10px; line-height: 120%; margin-right: 10px;\"><a style=\"color: #ffffff;\" href=\"http:\/\/sergioguerra.com\/ \">Sergio Guerra<\/a> &#8211;<br \/>\n<a style=\"color: #ffffff;\" href=\"https:\/\/www.facebook.com\/philliprossphotography\/photos_stream\">Philipp Ross <\/a> &#8211;<br \/>\n<a style=\"color: #ffffff;\" href=\"https:\/\/twitter.com\/mingrosec \"> Rose Mingh <\/a> &#8211; Paula Ribas \u2013 \u00c1ngel Ceberio \u2013 Lucio Martin<\/p>\n<p>&nbsp;<\/p>\n<\/div>\n<\/div>\n<p>[\/vc_column_text][\/vc_column][vc_column width=\u00bb1\/2&#8243;][vc_basic_grid post_type=\u00bbportfolio\u00bb max_items=\u00bb10&#8243; element_width=\u00bb6&#8243; order=\u00bbASC\u00bb item=\u00bb17181&#8243; grid_id=\u00bbvc_gid:1581336839109-c48917d5-b65f-7&#8243; taxonomies=\u00bb55&#8243;][\/vc_column][vc_column width=\u00bb1\/4&#8243;][vc_column_text el_class=\u00bbdetalle-pais\u00bb]<\/p>\n<h2>Mauritania<\/h2>\n<p>Un pa\u00eds que es, de verdad, el aut\u00e9ntico <em>territorio de los moros<\/em>; un lugar de encuentro y cruce de caravanas, con un desierto espectacular y grandioso, el del S\u00e1hara, que ocupa casi toda la parte norte, y est\u00e1 habitado por tribus n\u00f3madas, cuyas tiendas, las famosas <em>jaimas<\/em> mauritanas, redondas y c\u00f3modas, forman parte de un paisaje en el que tambi\u00e9n hay ciudades con pasados esplendorosos, que han recuperado tesoros arquitect\u00f3nicos y literarios. Una tierra musulmana, en definitiva, en la que moros y africanos se mezclaron, y en la que las prolongadas sequ\u00edas han moldeado la forma de vida de unos individuos muy peculiares. A pesar de su gran tama\u00f1o, su poblaci\u00f3n es peque\u00f1a, apenas llega a los dos millones de habitantes, y sumamente hospitalaria, como mandan los c\u00e1nones de su cultura.[\/vc_column_text][\/vc_column][\/vc_row]<\/p>\n","protected":false},"excerpt":{"rendered":"<p>[vc_row][vc_column width=\u00bb1\/4&#8243;][vc_single_image image=\u00bb10557&#8243; img_size=\u00bbmedium\u00bb onclick=\u00bblink_image\u00bb][vc_column_text] Libros recomendados &nbsp; &#8211; \u00abCamelladas\u00bb, \u00abMaxence en el desierto\u00bb y \u00abPeregrino en el desierto\u00bb de Theodore Monod &#8211; \u00abPieds [&hellip;]<\/p>\n","protected":false},"author":1361,"featured_media":0,"parent":0,"menu_order":0,"comment_status":"closed","ping_status":"closed","template":"","meta":{"_acf_changed":false,"footnotes":""},"class_list":["post-728","page","type-page","status-publish","hentry"],"acf":[],"_links":{"self":[{"href":"https:\/\/www.culturafricana.com\/web\/wp-json\/wp\/v2\/pages\/728","targetHints":{"allow":["GET"]}}],"collection":[{"href":"https:\/\/www.culturafricana.com\/web\/wp-json\/wp\/v2\/pages"}],"about":[{"href":"https:\/\/www.culturafricana.com\/web\/wp-json\/wp\/v2\/types\/page"}],"author":[{"embeddable":true,"href":"https:\/\/www.culturafricana.com\/web\/wp-json\/wp\/v2\/users\/1361"}],"replies":[{"embeddable":true,"href":"https:\/\/www.culturafricana.com\/web\/wp-json\/wp\/v2\/comments?post=728"}],"version-history":[{"count":3,"href":"https:\/\/www.culturafricana.com\/web\/wp-json\/wp\/v2\/pages\/728\/revisions"}],"predecessor-version":[{"id":17740,"href":"https:\/\/www.culturafricana.com\/web\/wp-json\/wp\/v2\/pages\/728\/revisions\/17740"}],"wp:attachment":[{"href":"https:\/\/www.culturafricana.com\/web\/wp-json\/wp\/v2\/media?parent=728"}],"curies":[{"name":"wp","href":"https:\/\/api.w.org\/{rel}","templated":true}]}}