{"id":732,"date":"2014-12-04T22:16:45","date_gmt":"2014-12-04T22:16:45","guid":{"rendered":"http:\/\/www.restaurantelateranga.com\/webnueva\/?page_id=732"},"modified":"2020-02-10T13:14:46","modified_gmt":"2020-02-10T12:14:46","slug":"viajes-a-namibia","status":"publish","type":"page","link":"https:\/\/www.culturafricana.com\/web\/viajes-a-namibia\/","title":{"rendered":"Viajes a Namibia"},"content":{"rendered":"<p>[vc_row][vc_column width=\u00bb1\/4&#8243;][vc_single_image image=\u00bb10559&#8243; img_size=\u00bbmedium\u00bb onclick=\u00bblink_image\u00bb][vc_column_text]<\/p>\n<div style=\"width: 220px; height: 328px; margin-right: px;\">\n<div style=\"width: 220px; height: auto; background-color: #330000;\">\n<h5 style=\"color: #fee69b; margin-top: px; margin-left: 10px; margin-bottom: -20px;\"><strong>Libros recomendados<\/strong><\/h5>\n<p>&nbsp;<\/p>\n<p style=\"color: #ffffff; font-size: 12px; margin-left: 10px; line-height: 120%; margin-right: 10px;\">&#8211; \u00abTradiciones orales de los herero\u00bb (Varios autores)<br \/>\n&#8211; \u00abThe Sheltering Desert\u00bb de Henno Martin<br \/>\n&#8211; \u00abBorn of the Sun\u00bb de Joseph Diescho<br \/>\n&#8211; \u00abVaselintjie\u00bb de Anoeschka von Meck<br \/>\n&#8211; \u00abHereros, pastores ancestrales\u00bb de Sergio Guerra<\/p>\n<h5 style=\"color: #fee69b; margin-top: px; margin-left: 10px; margin-bottom: -20px;\"><strong>Fotos<\/strong><\/h5>\n<p>&nbsp;<\/p>\n<p style=\"color: #ffffff; font-size: 12px; margin-left: 10px; line-height: 120%; margin-right: 10px;\"><a style=\"color: #ffffff;\" href=\"http:\/\/www.enriquelopeztapia.com\/\"> Enrique L\u00f3pez-Tapia <\/a>\u2013 <a style=\"color: #ffffff;\" href=\"http:\/\/www.losviajesdeali.com\/\">Alicia Ortego<\/a> &#8211; <a style=\"color: #ffffff;\" href=\"http:\/\/sergioguerra.com\/ \">Sergio Guerra<\/a> &#8211; <a style=\"color: #ffffff;\" href=\"http:\/\/www.michaelmartinphotography.ie\/\">Michael Martin<\/a> &#8211; JP Land \u2013 Angela Sol\u00eds \u2013 Africland &#8211;<br \/>\nMar\u00eda Reuchmann<\/p>\n<p>&nbsp;<\/p>\n<\/div>\n<\/div>\n<p>[\/vc_column_text][\/vc_column][vc_column width=\u00bb1\/2&#8243;][vc_basic_grid post_type=\u00bbportfolio\u00bb max_items=\u00bb10&#8243; element_width=\u00bb6&#8243; order=\u00bbASC\u00bb item=\u00bb17181&#8243; grid_id=\u00bbvc_gid:1581336842587-c7f178e1-ac80-8&#8243; taxonomies=\u00bb57&#8243;][\/vc_column][vc_column width=\u00bb1\/4&#8243;][vc_column_text el_class=\u00bbdetalle-pais\u00bb]<\/p>\n<h2>Namibia<\/h2>\n<p>En lengua nama, su nombre significa \u00abvasto lugar abierto\u00bb. Situado entre el Atl\u00e1ntico y las planicies del Kalahari, alberga una gran variedad de fauna y flora que se adaptan a la aridez de sus tierras, mientras conviven con unos paisajes espectaculares. Entre sus gentes, tambi\u00e9n diversas, se encuentran desde ancestrales pobladores de su territorio, como los himba o los herero, hasta descendientes de los colonos alemanes, pasando por los afrik\u00e1ners, que tambi\u00e9n han dejado su huella. En su geograf\u00eda destacan la costa de los esqueletos, el desierto del Namib, Canyon River, las cataratas de Epupa y, por supuesto, el imprescindible parque Etosha, una maravillosa reserva natural, ideal para el avistamiento de fauna salvaje, de variados ecosistemas, que van desde la sabana hasta el bosque bajo con matorral. Su gran planicie carbonatada es el origen de su nombre, que viene a significar <em>gran lugar blanco<\/em>.[\/vc_column_text][\/vc_column][\/vc_row]<\/p>\n","protected":false},"excerpt":{"rendered":"<p>[vc_row][vc_column width=\u00bb1\/4&#8243;][vc_single_image image=\u00bb10559&#8243; img_size=\u00bbmedium\u00bb onclick=\u00bblink_image\u00bb][vc_column_text] Libros recomendados &nbsp; &#8211; \u00abTradiciones orales de los herero\u00bb (Varios autores) &#8211; \u00abThe Sheltering Desert\u00bb de Henno Martin &#8211; [&hellip;]<\/p>\n","protected":false},"author":1361,"featured_media":0,"parent":0,"menu_order":0,"comment_status":"closed","ping_status":"closed","template":"","meta":{"_acf_changed":false,"footnotes":""},"class_list":["post-732","page","type-page","status-publish","hentry"],"acf":[],"_links":{"self":[{"href":"https:\/\/www.culturafricana.com\/web\/wp-json\/wp\/v2\/pages\/732","targetHints":{"allow":["GET"]}}],"collection":[{"href":"https:\/\/www.culturafricana.com\/web\/wp-json\/wp\/v2\/pages"}],"about":[{"href":"https:\/\/www.culturafricana.com\/web\/wp-json\/wp\/v2\/types\/page"}],"author":[{"embeddable":true,"href":"https:\/\/www.culturafricana.com\/web\/wp-json\/wp\/v2\/users\/1361"}],"replies":[{"embeddable":true,"href":"https:\/\/www.culturafricana.com\/web\/wp-json\/wp\/v2\/comments?post=732"}],"version-history":[{"count":3,"href":"https:\/\/www.culturafricana.com\/web\/wp-json\/wp\/v2\/pages\/732\/revisions"}],"predecessor-version":[{"id":17743,"href":"https:\/\/www.culturafricana.com\/web\/wp-json\/wp\/v2\/pages\/732\/revisions\/17743"}],"wp:attachment":[{"href":"https:\/\/www.culturafricana.com\/web\/wp-json\/wp\/v2\/media?parent=732"}],"curies":[{"name":"wp","href":"https:\/\/api.w.org\/{rel}","templated":true}]}}