{"id":744,"date":"2014-12-04T22:17:56","date_gmt":"2014-12-04T22:17:56","guid":{"rendered":"http:\/\/www.restaurantelateranga.com\/webnueva\/?page_id=744"},"modified":"2020-02-10T13:15:36","modified_gmt":"2020-02-10T12:15:36","slug":"viajes-a-ruanda","status":"publish","type":"page","link":"https:\/\/www.culturafricana.com\/web\/viajes-a-ruanda\/","title":{"rendered":"Viajes a Ruanda"},"content":{"rendered":"<p>[vc_row][vc_column width=\u00bb1\/4&#8243;][vc_single_image image=\u00bb10565&#8243; img_size=\u00bbmedium\u00bb onclick=\u00bblink_image\u00bb][vc_column_text]<\/p>\n<div style=\"width: 220px; height: 328px; margin-right: px;\">\n<div style=\"width: 220px; height: auto; background-color: #330000;\">\n<h5 style=\"color: #fee69b; margin-top: px; margin-left: 10px; margin-bottom: -20px;\"><strong>Libros recomendados<\/strong><\/h5>\n<p>&nbsp;<\/p>\n<p style=\"color: #ffffff; font-size: 12px; margin-left: 10px; line-height: 120%; margin-right: 10px;\">&#8211; \u00abUn domingo en la piscina de Kigali\u00bb de Gil Courtemanche<br \/>\n&#8211; \u00ab\u00c9bano\u00bb de Ryszard Kapuscinski<br \/>\n&#8211; \u00abVagabundo en \u00c1frica\u00bb de Javier Reverte<br \/>\n&#8211; \u00abNadie ha amado m\u00e1s a los gorilas: la vida de Dian Fossey\u00bb de Camilla de la Bedoyere<\/p>\n<h5 style=\"color: #fee69b; margin-top: px; margin-left: 10px; margin-bottom: -20px;\"><strong>Fotos<\/strong><\/h5>\n<p>&nbsp;<\/p>\n<p style=\"color: #ffffff; font-size: 12px; margin-left: 10px; line-height: 120%; margin-right: 10px;\">In\u00e9s Almudia &#8211; Sophie van Leeuwen \u2013 Loraumand &#8211; Denis Lorris \u2013 Ana Loyra \u2013 Michel Vert \u2013 Juan Alonso \u2013 Safari News \u2013 Africland<\/p>\n<p>&nbsp;<\/p>\n<\/div>\n<\/div>\n<p>[\/vc_column_text][\/vc_column][vc_column width=\u00bb1\/2&#8243;][vc_basic_grid post_type=\u00bbportfolio\u00bb max_items=\u00bb10&#8243; element_width=\u00bb6&#8243; order=\u00bbASC\u00bb item=\u00bb17181&#8243; grid_id=\u00bbvc_gid:1581336852295-c7c019a2-d37c-3&#8243; taxonomies=\u00bb63&#8243;][\/vc_column][vc_column width=\u00bb1\/4&#8243;][vc_column_text el_class=\u00bbdetalle-pais\u00bb]<\/p>\n<h2>Ruanda<\/h2>\n<p>Un peque\u00f1o pa\u00eds interior situado en la regi\u00f3n de los <em>Grandes Lagos<\/em>, que es un ejemplo de normalizaci\u00f3n y reconciliaci\u00f3n nacional, tras una reciente triste historia. En su accidentado territorio, de altas monta\u00f1as, valles profundos y suaves colinas, las estribaciones de los montes Virunga, compartidos con Uganda y la Rep\u00fablica Democr\u00e1tica del Congo, cobijan a los gorilas de monta\u00f1a. Adem\u00e1s, cuenta con reservas y parques que, poco a poco, van recuperando la gran variedad de vida salvaje con la que contaron en los tiempos anteriores a los conflictos b\u00e9licos, que est\u00e1n consiguiendo, a pasos agigantados, que <em>el pa\u00eds de las mil colinas<\/em> vuelva a lucir como anta\u00f1o.[\/vc_column_text][\/vc_column][\/vc_row]<\/p>\n","protected":false},"excerpt":{"rendered":"<p>[vc_row][vc_column width=\u00bb1\/4&#8243;][vc_single_image image=\u00bb10565&#8243; img_size=\u00bbmedium\u00bb onclick=\u00bblink_image\u00bb][vc_column_text] Libros recomendados &nbsp; &#8211; \u00abUn domingo en la piscina de Kigali\u00bb de Gil Courtemanche &#8211; \u00ab\u00c9bano\u00bb de Ryszard Kapuscinski [&hellip;]<\/p>\n","protected":false},"author":1361,"featured_media":0,"parent":0,"menu_order":0,"comment_status":"closed","ping_status":"closed","template":"","meta":{"_acf_changed":false,"footnotes":""},"class_list":["post-744","page","type-page","status-publish","hentry"],"acf":[],"_links":{"self":[{"href":"https:\/\/www.culturafricana.com\/web\/wp-json\/wp\/v2\/pages\/744","targetHints":{"allow":["GET"]}}],"collection":[{"href":"https:\/\/www.culturafricana.com\/web\/wp-json\/wp\/v2\/pages"}],"about":[{"href":"https:\/\/www.culturafricana.com\/web\/wp-json\/wp\/v2\/types\/page"}],"author":[{"embeddable":true,"href":"https:\/\/www.culturafricana.com\/web\/wp-json\/wp\/v2\/users\/1361"}],"replies":[{"embeddable":true,"href":"https:\/\/www.culturafricana.com\/web\/wp-json\/wp\/v2\/comments?post=744"}],"version-history":[{"count":3,"href":"https:\/\/www.culturafricana.com\/web\/wp-json\/wp\/v2\/pages\/744\/revisions"}],"predecessor-version":[{"id":17749,"href":"https:\/\/www.culturafricana.com\/web\/wp-json\/wp\/v2\/pages\/744\/revisions\/17749"}],"wp:attachment":[{"href":"https:\/\/www.culturafricana.com\/web\/wp-json\/wp\/v2\/media?parent=744"}],"curies":[{"name":"wp","href":"https:\/\/api.w.org\/{rel}","templated":true}]}}