{"id":766,"date":"2014-12-04T22:25:33","date_gmt":"2014-12-04T22:25:33","guid":{"rendered":"http:\/\/www.restaurantelateranga.com\/webnueva\/?page_id=766"},"modified":"2022-05-09T20:08:20","modified_gmt":"2022-05-09T18:08:20","slug":"viajes-a-tanzania","status":"publish","type":"page","link":"https:\/\/www.culturafricana.com\/web\/viajes-a-tanzania\/","title":{"rendered":"Viajes a Tanzania"},"content":{"rendered":"<p>[vc_row][vc_column width=\u00bb1\/4&#8243;][vc_single_image image=\u00bb10577&#8243; img_size=\u00bbmedium\u00bb onclick=\u00bblink_image\u00bb][vc_column_text]<\/p>\n<div style=\"width: 220px; height: 328px; margin-right: px;\">\n<div style=\"width: 220px; height: auto; background-color: #330000;\">\n<h5 style=\"color: #fee69b; margin-top: px; margin-left: 10px; margin-bottom: -20px;\"><strong>Libros recomendados<\/strong><\/h5>\n<p>&nbsp;<\/p>\n<p style=\"color: #ffffff; font-size: 12px; margin-left: 10px; line-height: 120%; margin-right: 10px;\">&#8211; \u00abCuentos y leyendas Masai\u00bb de Alfredo Francesca<br \/>\n&#8211; \u00abEn busca del se\u00f1or Livingstone\u00bb de Sir Henry Stanley<br \/>\n&#8211; \u00abFaltaba \u00c1frica\u00bb de Ana S. D\u00edaz de Collantes<br \/>\n&#8211; \u00abLas ballenas del lago Tanganica\u00bb de Lennart Hagerfors<br \/>\n&#8211; \u00abGrammatica Swahili\u00bb de Piet Van Pelt<br \/>\n&#8211; \u00abMemorias de una princesa de Zanz\u00edbar\u00bb de Emily Ruete<br \/>\n&#8211; \u00abPara\u00edso\u00bb de Abdulrazak Gurnah<\/p>\n<h5 style=\"color: #fee69b; margin-top: px; margin-left: 10px; margin-bottom: -20px;\"><strong>Fotos<\/strong><\/h5>\n<p>&nbsp;<\/p>\n<p style=\"color: #ffffff; font-size: 12px; margin-left: 10px; line-height: 120%; margin-right: 10px;\">Jos\u00e9 Alberto Ferrer \u2013 Marcus Wilson \u2013 Tom Adla \u2013 Adela Rey &#8211; Artist Pays &#8211; Louis Guillamoun \u2013 Lua Vecinho &#8211; National\u2019s Park &#8211; Tanzanian TGP<\/p>\n<p>&nbsp;<\/p>\n<\/div>\n<\/div>\n<p>[\/vc_column_text][\/vc_column][vc_column width=\u00bb1\/2&#8243;][vc_basic_grid post_type=\u00bbportfolio\u00bb max_items=\u00bb20&#8243; element_width=\u00bb6&#8243; order=\u00bbASC\u00bb item=\u00bb17181&#8243; grid_id=\u00bbvc_gid:1652119681183-7f0bc9a3-c7da-2&#8243; taxonomies=\u00bb74&#8243;][\/vc_column][vc_column width=\u00bb1\/4&#8243;][vc_column_text el_class=\u00bbdetalle-pais\u00bb]<\/p>\n<h2>Tanzania<\/h2>\n<p>Pocos destinos del continente son tan variados como \u00e9ste. En su territorio se pueden emprender marchas de alta monta\u00f1a, en el Kilimanjaro, hasta sus casi seis mil metros de altitud, navegar durante d\u00edas por el Lago Tanganika, o visitar ciudades hist\u00f3ricas de la gran cultura suahili. Y, por supuesto, explorar espl\u00e9ndidos parques nacionales, que en el norte tienen al Serengueti, el Ngorongoro y el Tarangire como principales exponentes, y en el sur al Selous, el Ruaha y el Udzungwa, de menor fama pero absolutamente equiparables a los primeros, tanto en fauna como en paisajes v\u00edrgenes. Un buen remate para todo ello es pasar unas jornadas de sol y mar, en las playas cercanas a Dar es Salaam, o bien dar un salto a Zanz\u00edbar, para recrearse con su blanca arena, sus aguas transparentes y sus incomparables fondos marinos.[\/vc_column_text][\/vc_column][\/vc_row]<\/p>\n","protected":false},"excerpt":{"rendered":"<p>[vc_row][vc_column width=\u00bb1\/4&#8243;][vc_single_image image=\u00bb10577&#8243; img_size=\u00bbmedium\u00bb onclick=\u00bblink_image\u00bb][vc_column_text] Libros recomendados &nbsp; &#8211; \u00abCuentos y leyendas Masai\u00bb de Alfredo Francesca &#8211; \u00abEn busca del se\u00f1or Livingstone\u00bb de Sir [&hellip;]<\/p>\n","protected":false},"author":1361,"featured_media":0,"parent":0,"menu_order":0,"comment_status":"closed","ping_status":"closed","template":"","meta":{"_acf_changed":false,"footnotes":""},"class_list":["post-766","page","type-page","status-publish","hentry"],"acf":[],"_links":{"self":[{"href":"https:\/\/www.culturafricana.com\/web\/wp-json\/wp\/v2\/pages\/766","targetHints":{"allow":["GET"]}}],"collection":[{"href":"https:\/\/www.culturafricana.com\/web\/wp-json\/wp\/v2\/pages"}],"about":[{"href":"https:\/\/www.culturafricana.com\/web\/wp-json\/wp\/v2\/types\/page"}],"author":[{"embeddable":true,"href":"https:\/\/www.culturafricana.com\/web\/wp-json\/wp\/v2\/users\/1361"}],"replies":[{"embeddable":true,"href":"https:\/\/www.culturafricana.com\/web\/wp-json\/wp\/v2\/comments?post=766"}],"version-history":[{"count":4,"href":"https:\/\/www.culturafricana.com\/web\/wp-json\/wp\/v2\/pages\/766\/revisions"}],"predecessor-version":[{"id":18059,"href":"https:\/\/www.culturafricana.com\/web\/wp-json\/wp\/v2\/pages\/766\/revisions\/18059"}],"wp:attachment":[{"href":"https:\/\/www.culturafricana.com\/web\/wp-json\/wp\/v2\/media?parent=766"}],"curies":[{"name":"wp","href":"https:\/\/api.w.org\/{rel}","templated":true}]}}