{"id":772,"date":"2014-12-04T22:34:09","date_gmt":"2014-12-04T22:34:09","guid":{"rendered":"http:\/\/www.restaurantelateranga.com\/webnueva\/?page_id=772"},"modified":"2020-02-10T13:18:22","modified_gmt":"2020-02-10T12:18:22","slug":"viajes-a-uganda","status":"publish","type":"page","link":"https:\/\/www.culturafricana.com\/web\/viajes-a-uganda\/","title":{"rendered":"Viajes a Uganda"},"content":{"rendered":"<p>[vc_row][vc_column width=\u00bb1\/4&#8243;][vc_single_image image=\u00bb10580&#8243; img_size=\u00bbmedium\u00bb onclick=\u00bblink_image\u00bb][vc_column_text]<\/p>\n<div style=\"width: 220px; height: 328px; margin-right: px;\">\n<div style=\"width: 220px; height: auto; background-color: #330000;\">\n<h5 style=\"color: #fee69b; margin-top: px; margin-left: 10px; margin-bottom: -20px;\"><strong>Libros recomendados<\/strong><\/h5>\n<p>&nbsp;<\/p>\n<p style=\"color: #ffffff; font-size: 12px; margin-left: 10px; line-height: 120%; margin-right: 10px;\">&#8211; \u00abMi viaje por \u00c1frica\u00bb de Winston Churchill<br \/>\n&#8211; \u00abMi vida de ni\u00f1a soldado\u00bb de China Keitetsi<br \/>\n&#8211; \u00abCr\u00f3nicas abisinias\u00bb de Moses Isegawa<\/p>\n<h5 style=\"color: #fee69b; margin-top: px; margin-left: 10px; margin-bottom: -20px;\"><strong>Fotos<\/strong><\/h5>\n<p>&nbsp;<\/p>\n<p style=\"color: #ffffff; font-size: 12px; margin-left: 10px; line-height: 120%; margin-right: 10px;\">Miguel Arribas &#8211; Achim Prill \u2013 Sophie Ritchie \u2013 Joel Sartore \u2013 Ari Loewitz \u2013 Fran Margallo<\/p>\n<p>&nbsp;<\/p>\n<\/div>\n<\/div>\n<p>[\/vc_column_text][\/vc_column][vc_column width=\u00bb1\/2&#8243;][vc_basic_grid post_type=\u00bbportfolio\u00bb max_items=\u00bb10&#8243; element_width=\u00bb6&#8243; order=\u00bbASC\u00bb item=\u00bb17181&#8243; grid_id=\u00bbvc_gid:1581337031830-5de2fdd4-9ebd-2&#8243; taxonomies=\u00bb77&#8243;][\/vc_column][vc_column width=\u00bb1\/4&#8243;][vc_column_text el_class=\u00bbdetalle-pais\u00bb]<\/p>\n<h2>Uganda<\/h2>\n<p>Fue llamada <em>la perla de \u00c1frica<\/em> en la \u00e9poca de los grandes exploradores, y son muchas las razones para mantener que ese apodo sigue teniendo sentido. Su clima primaveral durante todo el a\u00f1o y la irrenunciable simpat\u00eda de sus gentes aportan todo el peso necesario a esa afirmaci\u00f3n. A lo que hay que sumar maravillosos parques nacionales como Murchinson, Queen Elisabeth, Ishasa, Mburo, y la enorme belleza de los lagos Victoria, Alberto, Kyoga y Eduardo. Y, adem\u00e1s, los gorilas, estrellas del mundo animal, hace ya muchos a\u00f1os establecidos en ese territorio, donde se reproducen con total normalidad, quit\u00e1ndose de encima, con cada vez m\u00e1s fuerza, esa etiqueta que los se\u00f1ala como <em>en peligro de extinci\u00f3n<\/em>. En 1979 el pa\u00eds contaba con tan s\u00f3lo treinta ejemplares, y hoy en d\u00eda ese n\u00famero se ha multiplicado por m\u00e1s de diez. A ello han contribuido muchos factores pero, tal vez, uno de los m\u00e1s eficaces haya sido el de restringir las visitas, lo cual, inevitablemente, ha encarecido mucho los precios.[\/vc_column_text][\/vc_column][\/vc_row]<\/p>\n","protected":false},"excerpt":{"rendered":"<p>[vc_row][vc_column width=\u00bb1\/4&#8243;][vc_single_image image=\u00bb10580&#8243; img_size=\u00bbmedium\u00bb onclick=\u00bblink_image\u00bb][vc_column_text] Libros recomendados &nbsp; &#8211; \u00abMi viaje por \u00c1frica\u00bb de Winston Churchill &#8211; \u00abMi vida de ni\u00f1a soldado\u00bb de China [&hellip;]<\/p>\n","protected":false},"author":1361,"featured_media":0,"parent":0,"menu_order":0,"comment_status":"closed","ping_status":"closed","template":"","meta":{"_acf_changed":false,"footnotes":""},"class_list":["post-772","page","type-page","status-publish","hentry"],"acf":[],"_links":{"self":[{"href":"https:\/\/www.culturafricana.com\/web\/wp-json\/wp\/v2\/pages\/772","targetHints":{"allow":["GET"]}}],"collection":[{"href":"https:\/\/www.culturafricana.com\/web\/wp-json\/wp\/v2\/pages"}],"about":[{"href":"https:\/\/www.culturafricana.com\/web\/wp-json\/wp\/v2\/types\/page"}],"author":[{"embeddable":true,"href":"https:\/\/www.culturafricana.com\/web\/wp-json\/wp\/v2\/users\/1361"}],"replies":[{"embeddable":true,"href":"https:\/\/www.culturafricana.com\/web\/wp-json\/wp\/v2\/comments?post=772"}],"version-history":[{"count":3,"href":"https:\/\/www.culturafricana.com\/web\/wp-json\/wp\/v2\/pages\/772\/revisions"}],"predecessor-version":[{"id":17764,"href":"https:\/\/www.culturafricana.com\/web\/wp-json\/wp\/v2\/pages\/772\/revisions\/17764"}],"wp:attachment":[{"href":"https:\/\/www.culturafricana.com\/web\/wp-json\/wp\/v2\/media?parent=772"}],"curies":[{"name":"wp","href":"https:\/\/api.w.org\/{rel}","templated":true}]}}