{"id":778,"date":"2014-12-04T22:34:44","date_gmt":"2014-12-04T22:34:44","guid":{"rendered":"http:\/\/www.restaurantelateranga.com\/webnueva\/?page_id=778"},"modified":"2020-02-10T13:18:48","modified_gmt":"2020-02-10T12:18:48","slug":"viajes-a-zimbabue","status":"publish","type":"page","link":"https:\/\/www.culturafricana.com\/web\/viajes-a-zimbabue\/","title":{"rendered":"Viajes a Zimbabue"},"content":{"rendered":"<p>[vc_row][vc_column width=\u00bb1\/4&#8243;][vc_single_image image=\u00bb10584&#8243; img_size=\u00bbmedium\u00bb onclick=\u00bblink_image\u00bb][vc_column_text]<\/p>\n<div style=\"width: 220px; height: 328px; margin-right: px;\">\n<div style=\"width: 220px; height: auto; background-color: #330000;\">\n<h5 style=\"color: #fee69b; margin-top: px; margin-left: 10px; margin-bottom: -20px;\"><strong>Libros recomendados<\/strong><\/h5>\n<p>&nbsp;<\/p>\n<p style=\"color: #ffffff; font-size: 12px; margin-left: 10px; line-height: 120%; margin-right: 10px;\">&#8211; \u00abCondiciones nerviosas\u00bb y \u00abLas cuatro mujeres que am\u00e9\u00bb de Tsitsi Dangarembga &#8211; \u00abLa coleccionista de tesoros\u00bb de Bessie Head &#8211; \u00abLa casa del hambre\u00bb de Dambudzo Marechera &#8211; \u00abEl coraz\u00f3n del cazador\u00bb de Laurens Van Der Pos- \u00abMariposa en llamas\u00bb de Yvonne Vera &#8211; \u00abLa risa africana\u00bb de Doris Lessing<\/p>\n<h5 style=\"color: #fee69b; margin-top: px; margin-left: 10px; margin-bottom: -20px;\"><strong>Fotos<\/strong><\/h5>\n<p>&nbsp;<\/p>\n<p style=\"color: #ffffff; font-size: 12px; margin-left: 10px; line-height: 120%; margin-right: 10px;\">JP Land \u2013 Afroside &#8211; Eva Sol\u00eds \u2013 Mar\u00eda Reuchmann &#8211; Carlos Benares &#8211; Zimbabwe TGP<\/p>\n<p>&nbsp;<\/p>\n<\/div>\n<\/div>\n<p>[\/vc_column_text][\/vc_column][vc_column width=\u00bb1\/2&#8243;][vc_basic_grid post_type=\u00bbportfolio\u00bb max_items=\u00bb10&#8243; element_width=\u00bb6&#8243; order=\u00bbASC\u00bb item=\u00bb17181&#8243; grid_id=\u00bbvc_gid:1581337034079-ebd1be93-1c06-7&#8243; taxonomies=\u00bb80&#8243;][\/vc_column][vc_column width=\u00bb1\/4&#8243;][vc_column_text el_class=\u00bbdetalle-pais\u00bb]<\/p>\n<h2>Zimbabue<\/h2>\n<p>Situado al sureste del continente, este peque\u00f1o pa\u00eds, sin salida al mar, est\u00e1 atravesado por uno de los ramales del <em>Gran Valle del Rift<\/em>, originado por una inmensa fractura geol\u00f3gica. Este corredor, que ya serv\u00eda hace tres mil a\u00f1os para propiciar el comercio entre el \u00cdndico y las lejanas tierras de India y Arabia es, quiz\u00e1, su atractivo geogr\u00e1fico m\u00e1s representativo, junto a las, claro est\u00e1, cataratas Victoria, que comparte con Zambia, y por las que se le conoce en el mundo entero. Los colonizadores brit\u00e1nicos se empe\u00f1aron en se\u00f1alar como <em>de origen \u00e1rabe<\/em> a las muy africanas construcciones zimbabuesas, que son otro de los grandes tesoros de un territorio que, adem\u00e1s, cuenta con espl\u00e9ndidos parques nacionales como Hwange y Mana Pool, y con interesantes tribus como los shona y los ndebele.[\/vc_column_text][\/vc_column][\/vc_row]<\/p>\n","protected":false},"excerpt":{"rendered":"<p>[vc_row][vc_column width=\u00bb1\/4&#8243;][vc_single_image image=\u00bb10584&#8243; img_size=\u00bbmedium\u00bb onclick=\u00bblink_image\u00bb][vc_column_text] Libros recomendados &nbsp; &#8211; \u00abCondiciones nerviosas\u00bb y \u00abLas cuatro mujeres que am\u00e9\u00bb de Tsitsi Dangarembga &#8211; \u00abLa coleccionista de [&hellip;]<\/p>\n","protected":false},"author":1361,"featured_media":0,"parent":0,"menu_order":0,"comment_status":"closed","ping_status":"closed","template":"","meta":{"_acf_changed":false,"footnotes":""},"class_list":["post-778","page","type-page","status-publish","hentry"],"acf":[],"_links":{"self":[{"href":"https:\/\/www.culturafricana.com\/web\/wp-json\/wp\/v2\/pages\/778","targetHints":{"allow":["GET"]}}],"collection":[{"href":"https:\/\/www.culturafricana.com\/web\/wp-json\/wp\/v2\/pages"}],"about":[{"href":"https:\/\/www.culturafricana.com\/web\/wp-json\/wp\/v2\/types\/page"}],"author":[{"embeddable":true,"href":"https:\/\/www.culturafricana.com\/web\/wp-json\/wp\/v2\/users\/1361"}],"replies":[{"embeddable":true,"href":"https:\/\/www.culturafricana.com\/web\/wp-json\/wp\/v2\/comments?post=778"}],"version-history":[{"count":3,"href":"https:\/\/www.culturafricana.com\/web\/wp-json\/wp\/v2\/pages\/778\/revisions"}],"predecessor-version":[{"id":17767,"href":"https:\/\/www.culturafricana.com\/web\/wp-json\/wp\/v2\/pages\/778\/revisions\/17767"}],"wp:attachment":[{"href":"https:\/\/www.culturafricana.com\/web\/wp-json\/wp\/v2\/media?parent=778"}],"curies":[{"name":"wp","href":"https:\/\/api.w.org\/{rel}","templated":true}]}}